{"id":124,"date":"2024-08-07T10:28:29","date_gmt":"2024-08-07T10:28:29","guid":{"rendered":"https:\/\/drmedgroup.com\/blog\/?page_id=124"},"modified":"2024-08-07T10:28:30","modified_gmt":"2024-08-07T10:28:30","slug":"mesafeli-satis-sozlesmesi-2","status":"publish","type":"page","link":"https:\/\/drmedgroup.com\/blog\/?page_id=124&lang=en","title":{"rendered":"Mesafeli Sat\u0131\u015f S\u00f6zle\u015fmesi"},"content":{"rendered":"\n<p><strong>1. S\u00d6ZLE\u015eMEN\u0130N TARAFLARI<\/strong><\/p>\n\n\n\n<p><strong>SATICI:<\/strong> DOKTOR MED SA\u011eLIK ANON\u0130M \u015e\u0130RKET\u0130<br>Vergi Kimlik No: 3090690569<br>Adresi: Halaskargazi Mh. Halaskargazi Cd. No:38-66e\/215 \u015ei\u015fli\/\u0130STANBUL<br>\u0130nternet Sitesi: <a href=\"https:\/\/drmedgroup.com\/\">https:\/\/drmedgroup.com\/<\/a><br>E-posta : <a href=\"mailto:info@drmedgroup.com\">info@drmedgroup.com<\/a><br>Tel. No: 0532 723 10 95<br>Ticaret Sicil No: 392918-5<\/p>\n\n\n\n<p><strong>ALICI\/T\u00dcKET\u0130C\u0130:<\/strong><br>Kimlik No:<br>Telefon:<br>Adresi:<br>E-posta:<\/p>\n\n\n\n<p>\u0130\u015fbu Mesafeli Sat\u0131\u015f S\u00f6zle\u015fmesi\u2019nde SATICI ve ALICI ayr\u0131 ayr\u0131 \u2018Taraf\u2019 birlikte \u2018Taraflar\u2019 olarak an\u0131lacakt\u0131r.<\/p>\n\n\n\n<h2 class=\"wp-block-heading\">2. S\u00d6ZLE\u015eMEYE KONU H\u0130ZMETLER<\/h2>\n\n\n\n<p>2.1. S\u00f6zle\u015fmeye konu Hizmetleri i\u015fbu Mesafeli Sat\u0131\u015f S\u00f6zle\u015fmesi\u2019nin (\u201cS\u00f6zle\u015fme\u201d) akdedilmesinden \u00f6nce <a href=\"https:\/\/drmedgroup.com\/\">https:\/\/drmedgroup.com\/<\/a> adresinden se\u00e7mi\u015f ve \u00f6demesini yapm\u0131\u015f oldu\u011funuz i\u015f ve i\u015flemleri kapsamaktad\u0131r.<\/p>\n\n\n\n<h2 class=\"wp-block-heading\">3. S\u00d6ZLE\u015eMEN\u0130N KONUSU<\/h2>\n\n\n\n<p>3.1. \u0130\u015fbu S\u00f6zle\u015fme\u2019nin konusu ALICI\u2019n\u0131n SATICI\u2019ya ait <a href=\"https:\/\/drmedgroup.com\/\">https:\/\/drmedgroup.com\/<\/a> alan adl\u0131 internet sitesinden (\u201cSite\u201d) elektronik ortamda kay\u0131t olu\u015fturarak talep edilen hizmetle ilgili \u0130nternet Sitesi\u2019nde yaz\u0131l\u0131 nitelikteki \u015fartlar alt\u0131nda ALICI\u2019ya sunulan hizmetin sat\u0131\u015f\u0131na ili\u015fkin olarak 6502 say\u0131l\u0131 T\u00fcketicinin Korunmas\u0131 Hakk\u0131nda Kanun (\u201cKanun\u201d) ve Mesafeli S\u00f6zle\u015fmeler Y\u00f6netmeli\u011fi (\u201cY\u00f6netmelik\u201d) h\u00fck\u00fcmleri uyar\u0131nca Taraflar\u0131n hak ve y\u00fck\u00fcml\u00fcl\u00fcklerinin saptanmas\u0131d\u0131r.<\/p>\n\n\n\n<p>3.2. ALICI yukar\u0131da belirtilen sat\u0131\u015fa konu hizmetin temel nitelikleri sat\u0131\u015f fiyat\u0131 \u00f6deme \u015fekli ve benzeri t\u00fcm bilgiler ile Cayma Hakk\u0131 ve \u0130ade Politikas\u0131 konusunda bilgi sahibi oldu\u011funu bu bilgileri elektronik ortamda kendi iradesiyle teyit etti\u011fini ve sonras\u0131nda hizmeti \u00f6deme i\u015flemlerini tamamlayarak sat\u0131n ald\u0131\u011f\u0131n\u0131 kabul ve beyan eder.<\/p>\n\n\n\n<h2 class=\"wp-block-heading\">4. TARAFLARIN HAK ve Y\u00dcK\u00dcML\u00dcL\u00dcKLER\u0130<\/h2>\n\n\n\n<p>4.1. \u0130\u015fbu S\u00f6zle\u015fme\u2019nin taraflar\u0131 ALICI ile SATICI\u2019d\u0131r. Bu kapsamda i\u015fbu S\u00f6zle\u015fme\u2019de belirlenen y\u00fck\u00fcml\u00fcl\u00fcklerin yerine getirilmesi ile ilgili t\u00fcm sorumluluk S\u00f6zle\u015fme\u2019nin taraflar\u0131na aittir.<\/p>\n\n\n\n<p>4.2. ALICI <a href=\"https:\/\/drmedgroup.com\/\">https:\/\/drmedgroup.com\/<\/a> sitesinde sunulan herhangi bir hizmetten faydalanabilmek i\u00e7in esas olarak kay\u0131t ekran\u0131nda bulunan formu doldurmal\u0131 ve yine ayn\u0131 sayfada bulunan Banka hesab\u0131na hizmet bedelini havale y\u00f6ntemi ile g\u00f6ndermelidir.<\/p>\n\n\n\n<p>4.3. ALICI gerek kendisinden gerekse de \u00f6deme i\u00e7in kullan\u0131lan bankadan kaynaklanan herhangi bir nedenle S\u00f6zle\u015fme konusu hizmet bedelinin \u00f6denmemesi ve\/veya \u00f6deme i\u015fleminin iptal edilmesi gibi hallerde SATICI\u2019n\u0131n S\u00f6zle\u015fme konusu hizmet kapsam\u0131ndaki edimini ifa etme y\u00fck\u00fcml\u00fcl\u00fc\u011f\u00fcn\u00fcn sona erece\u011fini kabul beyan ve taahh\u00fct eder.<\/p>\n\n\n\n<p>4.4. SATICI <a href=\"https:\/\/drmedgroup.com\/\">https:\/\/drmedgroup.com\/<\/a> sitesinde sunulan herhangi bir hizmetten faydalanabilmek i\u00e7in esas olarak kay\u0131t ekran\u0131nda bulunan formu doldurmal\u0131 ve yine ayn\u0131 sayfada bulunan Banka hesab\u0131na hizmet bedelini havale y\u00f6ntemi ile \u00f6deme yapmas\u0131na m\u00fcteakip makul s\u00fcre i\u00e7inde ALICI ile ileti\u015fime ge\u00e7ip hizmet i\u00e7eri\u011fi ve s\u00fcre\u00e7 ile ilgili bilgilendirme yapacakt\u0131r.<\/p>\n\n\n\n<p>4.5. SATICI\u2019n\u0131n ALICI\u2019n\u0131n ALICI s\u00f6zle\u015fmede yer vermi\u015f oldu\u011fu bilgiler \u00fczerinden ileti\u015fime ge\u00e7ecek olup ALICI bu bilgilerin do\u011fru oldu\u011fu kabul beyan ve taahh\u00fct eder. Telefon adres ve di\u011fer ki\u015fisel bilgilerin de\u011fi\u015fmesi halinde bu bilgileri de\u011fi\u015fti\u011fi andan itibaren 3 i\u015f g\u00fcn\u00fc i\u00e7inde SATICI\u2019ya bildirece\u011fini kabul beyan ve taahh\u00fct eder.<\/p>\n\n\n\n<p>4.6. ALICI se\u00e7mi\u015f oldu\u011fu hizmet ile ilgili olarak SATICI\u2019n\u0131n sormu\u015f oldu\u011fu t\u00fcm sorulara do\u011fru yan\u0131t verecek olup SATICI taraf\u0131ndan bu bilgilerin teyiti \u00fczerine ger\u00e7e\u011fi yans\u0131tmamas\u0131 durumunda SATICI s\u00f6zle\u015fmeyi sona erdirme hakk\u0131na sahiptir. Bu durumda ALICI\u2019ya herhangi bir \u00fccret iadesi yap\u0131lmayaca\u011f\u0131n\u0131 ALICI kabul beyan ve taahh\u00fct eder.<\/p>\n\n\n\n<p>4.7. ALICI site \u00fczerinden sat\u0131n almak istedi\u011fi hizmet i\u00e7in SATICI taraf\u0131ndan belirlenen sat\u0131\u015f bedelinin fahi\u015f olmad\u0131\u011f\u0131n\u0131 sat\u0131n alma esnas\u0131nda se\u00e7ili hizmet(ler) i\u00e7in belirlenmi\u015f olan bedelinin SATICI taraf\u0131ndan herhangi bir zamanda de\u011fi\u015ftirilebilece\u011fini bu do\u011frultuda kay\u0131t ekran\u0131nda uzun s\u00fcreli bekleme ger\u00e7ekle\u015fmesi ve sat\u0131n alma i\u015fleminin s\u00fcr\u00fcncemede b\u0131rak\u0131lmas\u0131 durumunda se\u00e7ili \u00fcr\u00fcn\/hizmet i\u00e7in belirlenen sat\u0131\u015f bedelinin de de\u011fi\u015febilece\u011fini bu durumda SATICI\u2019n\u0131n herhangi bir sorumlulu\u011fu bulunmad\u0131\u011f\u0131n\u0131 pe\u015finen kabul beyan ve taahh\u00fct eder.<\/p>\n\n\n\n<p>4.8. ALICI S\u00f6zle\u015fme\u2019de say\u0131lan y\u00fck\u00fcml\u00fcl\u00fcklerine uymamas\u0131 halinde ise SATICI\u2019n\u0131n u\u011frayabilece\u011fi t\u00fcm maddi ve manevi zararlar\u0131 tazmin edece\u011fini kabul beyan ve taahh\u00fct eder.<\/p>\n\n\n\n<p>4.9. ALICI s\u00f6zle\u015fme konusu hizmetin kapsam\u0131n\u0131 neler i\u00e7erdi\u011fini temel niteliklerini sat\u0131\u015f fiyat\u0131 ve \u00f6deme \u015fekli ile ilgili t\u00fcm \u00f6n bilgileri okuyup bilgi sahibi oldu\u011funu ve elektronik ortamda gerekli teyidi verdi\u011fini beyan eder.<\/p>\n\n\n\n<p>4.10. Sat\u0131n al\u0131nan hizmet \u00fccretinin i\u00e7inde konaklama transfer kullan\u0131lan materyaller dahil olarak sunulmaktad\u0131r.<\/p>\n\n\n\n<p>4.11. ALICI SATICI\u2019ya ait internet sitesi \u00fczerinden yapaca\u011f\u0131 al\u0131\u015fveri\u015f i\u015flemi esnas\u0131nda verdi\u011fi ki\u015fisel ve di\u011fer sair bilgilerin ger\u00e7e\u011fe uygun oldu\u011funu SATICI\u2019n\u0131n bu bilgilerin ger\u00e7e\u011fe ayk\u0131r\u0131l\u0131\u011f\u0131 nedeniyle u\u011frayaca\u011f\u0131 t\u00fcm zararlar\u0131 SATICI\u2019n\u0131n ilk bildirimi \u00fczerine derhal nakden ve defaten tazmin edece\u011fini beyan ve taahh\u00fct eder.<\/p>\n\n\n\n<h2 class=\"wp-block-heading\">5. CAYMA HAKKI<\/h2>\n\n\n\n<p>5.1. 6502 say\u0131l\u0131 T\u00fcketicinin Korunmas\u0131 Hakk\u0131ndaki Kanun kapsam\u0131nda \u00e7\u0131kar\u0131lan Mesafeli S\u00f6zle\u015fmeler Y\u00f6netmeli\u011fi 15. Maddesinde &#8220;Elektronik ortamda an\u0131nda ifa edilen hizmetler veya t\u00fcketiciye an\u0131nda teslim edilen gayrimaddi mallara ili\u015fkin s\u00f6zle\u015fmelerde cayma hakk\u0131 kullan\u0131lamaz\u201d. Uyar\u0131nca i\u015fbu S\u00f6zle\u015fme\u2019nin konusu hizmet oldu\u011fundan \u00f6t\u00fcr\u00fc ALICI\u2019n\u0131n bu S\u00f6zle\u015fme kapsam\u0131nda kanundan do\u011fan CAYMA HAKKI BULUNMAMAKTADIR.<\/p>\n\n\n\n<p>5.2. ALICI s\u00f6zle\u015fmeden cayd\u0131\u011f\u0131n\u0131 SATICI\u2019ya bildirmesi durumunda SATICI\u2019ya \u00f6demi\u015f oldu\u011fu \u00fccretin iadesinin yap\u0131lmayaca\u011f\u0131n\u0131 kabul beyan ve taahh\u00fct eder. ALICI herhangi bir hakl\u0131 mazereti olmaks\u0131z\u0131n s\u00f6zle\u015fmeden caymas\u0131 durumunda SATICI\u2019n\u0131n bu cayma nedeni ile u\u011fram\u0131\u015f oldu\u011fu t\u00fcm maddi ve manevi zararlar\u0131 kar\u015f\u0131lamay\u0131 kabul beyan ve taahh\u00fct eder.<\/p>\n\n\n\n<p>5.3. ALICI 5.2 maddesinde belirtilen iade talebini <a href=\"mailto:info@drmedgroup.com\">info@drmedgroup.com<\/a> adresine e-mail atarak SATICI\u2019ya bildirecektir.<\/p>\n\n\n\n<p>5.4. Cayma ve \u0130ade hakk\u0131 ile ilgili bu S\u00f6zle\u015fme\u2019de d\u00fczenlenmeyen hususlarda i\u015fbu S\u00f6zle\u015fme\u2019nin ayr\u0131lmaz bir par\u00e7as\u0131 olan Cayma Hakk\u0131 ve \u0130ade Politikas\u0131 h\u00fck\u00fcmleri uygulanacakt\u0131r.<\/p>\n\n\n\n<h2 class=\"wp-block-heading\">6. F\u0130YATLARA VE \u00d6DEMEYE \u0130L\u0130\u015eK\u0130N H\u00dcK\u00dcMLER<\/h2>\n\n\n\n<p>6.1. ALICI taraf\u0131ndan Site\u2019den sat\u0131n al\u0131nan hizmetlerin bedeli kay\u0131t ekran\u0131nda ve ALICI\u2019ya elektronik ortamda g\u00f6nderilen fatura i\u00e7eri\u011finde belirtilmi\u015ftir. Aksi ayr\u0131ca belirtilmedik\u00e7e fiyatlara KDV dahildir.<\/p>\n\n\n\n<p>6.2. ALICI sat\u0131n alm\u0131\u015f oldu\u011fu hizmete ili\u015fkin bedeli kay\u0131t talebini olu\u015fturduktan itibaren <a href=\"https:\/\/drmedgroup.com\/\">https:\/\/drmedgroup.com\/<\/a> sayfas\u0131n\u0131n y\u00f6nlendirmi\u015f oldu\u011fu Banka hesab\u0131na havale y\u00f6ntemi ile g\u00f6nderecektir. S\u00f6z konusu bedelin i\u015fbu maddede belirlenen s\u00fcre i\u00e7erisinde g\u00f6nderilmemesi eksik g\u00f6nderilmesi g\u00f6ndericiye iade olunmas\u0131 vb. sebeplerle SATICI\u2019ya ula\u015fmamas\u0131 durumunda sat\u0131\u015f i\u015flemi tamamlanmam\u0131\u015f olaca\u011f\u0131ndan i\u015fbu S\u00f6zle\u015fme ili\u015fkisi en ba\u015ftan itibaren ge\u00e7ersiz addedilecektir.<\/p>\n\n\n\n<p>6.3. <a href=\"https:\/\/drmedgroup.com\/\">https:\/\/drmedgroup.com\/<\/a> sitesi \u00fczerinden kredi kart\u0131 (Visa, MasterCard) ya da banka havalesi ile al\u0131\u015fveri\u015f yap\u0131labilir. Hizmetin i\u015fleme al\u0131nma zaman\u0131 kredi kart\u0131 hesab\u0131ndan gerekli tahsilat\u0131n yap\u0131ld\u0131\u011f\u0131 ya da havalenin (EFT&#8217;nin) banka hesaplar\u0131na ula\u015ft\u0131\u011f\u0131 belirlenen and\u0131r. \u00d6demeli g\u00f6nderi ya da posta \u00e7eki gibi m\u00fc\u015fteri hizmetleri ile g\u00f6r\u00fc\u015f\u00fclmeden ger\u00e7ekle\u015ftirilen \u00f6deme y\u00f6ntemleri kabul edilmez.<\/p>\n\n\n\n<p>6.4. ALICI taraf\u0131ndan kredi kart\u0131 ile taksitli al\u0131\u015fveri\u015f yap\u0131lmas\u0131 durumunda ALICI\u2019n\u0131n Site\u2019de se\u00e7mi\u015f oldu\u011fu taksit say\u0131s\u0131 ge\u00e7erlidir. Taksitlendirme i\u015flemlerinde ALICI ile kart sahibi banka aras\u0131nda y\u00fcr\u00fcrl\u00fckte bulunan s\u00f6zle\u015fmenin ilgili h\u00fck\u00fcmleri ge\u00e7erli olup SATICI\u2019n\u0131n bu ve benzeri \u00f6deme konular\u0131nda herhangi bir y\u00fck\u00fcml\u00fcl\u00fc\u011f\u00fc bulunmamaktad\u0131r.<\/p>\n\n\n\n<h2 class=\"wp-block-heading\">7. M\u00dcCB\u0130R SEBEPLER<\/h2>\n\n\n\n<p>7.1. Taraflar aras\u0131ndaki S\u00f6zle\u015fme\u2019nin d\u00fczenlendi\u011fi tarihte var olmayan ve SATICI\u2019n\u0131n kontrol\u00fc d\u0131\u015f\u0131nda geli\u015fen ortaya \u00e7\u0131kmas\u0131yla SATICI\u2019n\u0131n S\u00f6zle\u015fme ile y\u00fcklendi\u011fi bor\u00e7 ve sorumluluklar\u0131n\u0131 k\u0131smen ya da tamamen veya zaman\u0131nda yerine getirmesini imkans\u0131zla\u015ft\u0131ran do\u011fal afetler (deprem, sel, yang\u0131n, kas\u0131rga vb.), sosyal patlamalar (b\u00fcy\u00fck \u00e7apl\u0131 isyan \u00e7\u0131kmas\u0131, genel grev vb.), salg\u0131n hastal\u0131klar, mevzuatla getirilen yasaklamalar ve engellemeler, ablukalar, ambargolar, ki\u015filerin \u00f6zel mal varl\u0131\u011f\u0131na b\u00fcy\u00fck \u00e7apl\u0131 ve tamamen el koymalar, b\u00fcy\u00fck ekonomik krizler, kazalar, h\u0131rs\u0131zl\u0131klar ve bunlarla s\u0131n\u0131rl\u0131 olmamak \u00fczere benzeri haller m\u00fccbir sebep olarak kabul edilir.<\/p>\n\n\n\n<p>7.2. M\u00fccbir Sebep durumunda SATICI i\u015fbu S\u00f6zle\u015fme ile y\u00fcklenmi\u015f oldu\u011fu edimleri tek tarafl\u0131 olarak makul s\u00fcre i\u00e7in erteleyebilir ya da \u00f6denen bedelin iadesini yaparak yerine getirmekten tazminats\u0131z olarak ka\u00e7\u0131nabilir.<\/p>\n\n\n\n<p>7.3. M\u00fccbir sebebin 30 g\u00fcnden fazla s\u00fcrmesi halinde ALICI i\u015fbu S\u00f6zle\u015fme\u2019yi feshederek \u00f6dedi\u011fi bedelin iadesini talep edebilir. ALICI taraf\u0131ndan yap\u0131lan \u00f6demelerin iadesi hususunda i\u015fbu S\u00f6zle\u015fme ile Cayma Hakk\u0131 ve \u0130ade Politikas\u0131 h\u00fck\u00fcmleri uygulanacakt\u0131r.<\/p>\n\n\n\n<h2 class=\"wp-block-heading\">8. UYGULANACAK HUKUK VE YETK\u0130L\u0130 YARGI YER\u0130<\/h2>\n\n\n\n<p>8.1. Taraflar i\u015fbu S\u00f6zle\u015fme sebebiyle aralar\u0131nda do\u011facak her t\u00fcrl\u00fc uyu\u015fmazl\u0131kta Taraflar\u2019\u0131n ticari defter kay\u0131t ve belgeleri ile bilgisayar, faks kay\u0131tlar\u0131n\u0131n, e-posta yaz\u0131\u015fmalar\u0131n\u0131n 6100 say\u0131l\u0131 Hukuk Muhakemeleri Kanunu\u2019nun 193. maddesi uyar\u0131nca kesin delil h\u00fckm\u00fcnde olaca\u011f\u0131n\u0131 kabul beyan ve taahh\u00fct eder.<\/p>\n\n\n\n<p>8.2. \u0130\u015fbu S\u00f6zle\u015fme ALICI\u2019n\u0131n \u00f6deme yapmas\u0131ndan \u00f6nce Taraflar aras\u0131nda elektronik ortamda d\u00fczenlenmi\u015f ve onaylanm\u0131\u015ft\u0131r. Bu kapsamda i\u015fbu S\u00f6zle\u015fme Taraflar aras\u0131nda yaz\u0131l\u0131 s\u00f6zle\u015fme yap\u0131lm\u0131\u015f gibi h\u00fck\u00fcm ve sonu\u00e7 do\u011furur.<\/p>\n\n\n\n<p>8.3. \u0130\u015fbu S\u00f6zle\u015fme\u2019nin uygulamas\u0131ndan kaynaklanacak ihtilaflar\u0131n \u00e7\u00f6z\u00fcm\u00fcnde 6502 Say\u0131l\u0131 T\u00fcketicinin Korunmas\u0131 Hakk\u0131nda Kanun\u2019un 68. maddesi ve T\u00fcketici Hakem Heyetleri Y\u00f6netmeli\u011fi\u2019nin 6. maddelerinde yer alan parasal s\u0131n\u0131rlar\u0131n art\u0131r\u0131lmas\u0131na ili\u015fkin tebli\u011fde belirlenen s\u0131n\u0131rlar g\u00f6zetilerek ALICI\u2019n\u0131n yerle\u015fim yerinin bulundu\u011fu veya t\u00fcketici i\u015fleminin yap\u0131ld\u0131\u011f\u0131 yerdeki T\u00fcketici Hakem Heyeti veya T\u00fcketici Mahkemesi yetkilidir.<\/p>\n\n\n\n<p><strong>SATICI<\/strong><\/p>\n\n\n\n<p><strong>ALICI<\/strong><\/p>\n","protected":false},"excerpt":{"rendered":"<p>1. S\u00d6ZLE\u015eMEN\u0130N TARAFLARI SATICI: DOKTOR MED SA\u011eLIK ANON\u0130M \u015e\u0130RKET\u0130Vergi Kimlik No: 3090690569Adresi: Halaskargazi Mh. Halaskargazi Cd. No:38-66e\/215 \u015ei\u015fli\/\u0130STANBUL\u0130nternet Sitesi: https:\/\/drmedgroup.com\/E-posta<\/p>\n","protected":false},"author":1,"featured_media":0,"parent":0,"menu_order":0,"comment_status":"closed","ping_status":"closed","template":"","meta":{"footnotes":""},"class_list":["post-124","page","type-page","status-publish","hentry","comments-off"],"_links":{"self":[{"href":"https:\/\/drmedgroup.com\/blog\/index.php?rest_route=\/wp\/v2\/pages\/124","targetHints":{"allow":["GET"]}}],"collection":[{"href":"https:\/\/drmedgroup.com\/blog\/index.php?rest_route=\/wp\/v2\/pages"}],"about":[{"href":"https:\/\/drmedgroup.com\/blog\/index.php?rest_route=\/wp\/v2\/types\/page"}],"author":[{"embeddable":true,"href":"https:\/\/drmedgroup.com\/blog\/index.php?rest_route=\/wp\/v2\/users\/1"}],"replies":[{"embeddable":true,"href":"https:\/\/drmedgroup.com\/blog\/index.php?rest_route=%2Fwp%2Fv2%2Fcomments&post=124"}],"version-history":[{"count":1,"href":"https:\/\/drmedgroup.com\/blog\/index.php?rest_route=\/wp\/v2\/pages\/124\/revisions"}],"predecessor-version":[{"id":125,"href":"https:\/\/drmedgroup.com\/blog\/index.php?rest_route=\/wp\/v2\/pages\/124\/revisions\/125"}],"wp:attachment":[{"href":"https:\/\/drmedgroup.com\/blog\/index.php?rest_route=%2Fwp%2Fv2%2Fmedia&parent=124"}],"curies":[{"name":"wp","href":"https:\/\/api.w.org\/{rel}","templated":true}]}}